{"id":4084,"date":"2016-05-23T12:03:26","date_gmt":"2016-05-23T12:03:26","guid":{"rendered":"http:\/\/8theme.com\/import\/xstore\/?page_id=4084"},"modified":"2019-07-23T22:11:57","modified_gmt":"2019-07-24T02:11:57","slug":"about-us","status":"publish","type":"page","link":"https:\/\/afromarket.ca\/index.php\/about-us\/","title":{"rendered":"A propos"},"content":{"rendered":"\n<p><strong>AfroMarket<\/strong> une filiale du Groupe Chitey, est une entreprise sp\u00e9cialis\u00e9e dans la vente en ligne de produits africains de tr\u00e8s bonne qualit\u00e9 &nbsp;\u00e0 un co\u00fbt abordable. C\u2019est en prenant conscience de la difficult\u00e9 d\u2019acc\u00e8s aux produits africains dans certaines zones que l\u2019id\u00e9e nous est venue d\u2019offrir une plateforme en ligne vous permettant d\u2019avoir acc\u00e8s \u00e0 des produits africains de grande qualit\u00e9 livr\u00e9s directement chez vous, dans les meilleurs d\u00e9lais.\n\n\n\n<\/p>\n\n\n\n<p style=\"text-align:left\"> Saviez-vous que, selon un r\u00e9cent sondage, les Canadiens passent en moyenne 35 minutes \u00e0 l\u2019\u00e9picerie? Temps auquel s\u2019ajoute le temps de d\u00e9placement. Et ce temps de d\u00e9placement peut s\u2019av\u00e9rer long quand il s\u2019agit d\u2019acc\u00e9der \u00e0 des magasins sp\u00e9cialis\u00e9s en produits africains, puisque ces magasins sont moins pr\u00e9sents que les supermarch\u00e9s r\u00e9guliers. <\/p>\n\n\n\n<p> Apporter l\u2019Afrique \u00e0 vos portes, en vous offrant des produits de qualit\u00e9, abordables, livr\u00e9s directement chez vous. D\u00e9gustez vos d\u00e9licieux plats pr\u00e9par\u00e9s avec des saveurs exotiques, comme si vous \u00e9tiez encore sur notre cher continent, berceau de l\u2019humanit\u00e9.  Commandez en ligne, en quelques clics, et nous nous occupons du reste! <\/p>\n","protected":false},"excerpt":{"rendered":"<p>AfroMarket une filiale du Groupe Chitey, est une entreprise sp\u00e9cialis\u00e9e dans la vente en ligne de produits africains de tr\u00e8s bonne qualit\u00e9 &nbsp;\u00e0 un co\u00fbt abordable. C\u2019est en prenant conscience de la difficult\u00e9 d\u2019acc\u00e8s aux produits africains dans certaines zones que l\u2019id\u00e9e nous est venue d\u2019offrir une plateforme en ligne vous permettant d\u2019avoir acc\u00e8s \u00e0 [&hellip;]<\/p>\n","protected":false},"author":1,"featured_media":8991,"parent":0,"menu_order":1,"comment_status":"closed","ping_status":"closed","template":"template-fullwidth.php","meta":{"spay_email":""},"yoast_head":"<!-- This site is optimized with the Yoast SEO plugin v15.7 - https:\/\/yoast.com\/wordpress\/plugins\/seo\/ -->\n<title>A propos - Afromarket<\/title>\n<meta name=\"robots\" content=\"index, follow, max-snippet:-1, max-image-preview:large, max-video-preview:-1\" \/>\n<link rel=\"canonical\" href=\"https:\/\/afromarket.ca\/index.php\/about-us\/\" \/>\n<meta property=\"og:locale\" content=\"fr_FR\" \/>\n<meta property=\"og:type\" content=\"article\" \/>\n<meta property=\"og:title\" content=\"A propos - Afromarket\" \/>\n<meta property=\"og:description\" content=\"AfroMarket une filiale du Groupe Chitey, est une entreprise sp\u00e9cialis\u00e9e dans la vente en ligne de produits africains de tr\u00e8s bonne qualit\u00e9 &nbsp;\u00e0 un co\u00fbt abordable. C\u2019est en prenant conscience de la difficult\u00e9 d\u2019acc\u00e8s aux produits africains dans certaines zones que l\u2019id\u00e9e nous est venue d\u2019offrir une plateforme en ligne vous permettant d\u2019avoir acc\u00e8s \u00e0 [&hellip;]\" \/>\n<meta property=\"og:url\" content=\"https:\/\/afromarket.ca\/index.php\/about-us\/\" \/>\n<meta property=\"og:site_name\" content=\"Afromarket\" \/>\n<meta property=\"article:publisher\" content=\"https:\/\/www.facebook.com\/Afromarketepicerie\/\" \/>\n<meta property=\"article:modified_time\" content=\"2019-07-24T02:11:57+00:00\" \/>\n<meta property=\"og:image\" content=\"https:\/\/i2.wp.com\/afromarket.ca\/wp-content\/uploads\/2019\/07\/A-propos-de-nous.png?fit=640%2C149&#038;ssl=1\" \/>\n\t<meta property=\"og:image:width\" content=\"640\" \/>\n\t<meta property=\"og:image:height\" content=\"149\" \/>\n<meta name=\"twitter:card\" content=\"summary_large_image\" \/>\n<meta name=\"twitter:label1\" content=\"Dur\u00e9e de lecture est.\">\n\t<meta name=\"twitter:data1\" content=\"1 minute\">\n<script type=\"application\/ld+json\" class=\"yoast-schema-graph\">{\"@context\":\"https:\/\/schema.org\",\"@graph\":[{\"@type\":\"WebSite\",\"@id\":\"https:\/\/afromarket.ca\/#website\",\"url\":\"https:\/\/afromarket.ca\/\",\"name\":\"Afromarket\",\"description\":\"Votre \\u00e9picerie africaine au Canada\",\"potentialAction\":[{\"@type\":\"SearchAction\",\"target\":\"https:\/\/afromarket.ca\/?s={search_term_string}\",\"query-input\":\"required name=search_term_string\"}],\"inLanguage\":\"fr-FR\"},{\"@type\":\"ImageObject\",\"@id\":\"https:\/\/afromarket.ca\/index.php\/about-us\/#primaryimage\",\"inLanguage\":\"fr-FR\",\"url\":\"https:\/\/i2.wp.com\/afromarket.ca\/wp-content\/uploads\/2019\/07\/A-propos-de-nous.png?fit=640%2C149&ssl=1\",\"width\":640,\"height\":149},{\"@type\":\"WebPage\",\"@id\":\"https:\/\/afromarket.ca\/index.php\/about-us\/#webpage\",\"url\":\"https:\/\/afromarket.ca\/index.php\/about-us\/\",\"name\":\"A propos - Afromarket\",\"isPartOf\":{\"@id\":\"https:\/\/afromarket.ca\/#website\"},\"primaryImageOfPage\":{\"@id\":\"https:\/\/afromarket.ca\/index.php\/about-us\/#primaryimage\"},\"datePublished\":\"2016-05-23T12:03:26+00:00\",\"dateModified\":\"2019-07-24T02:11:57+00:00\",\"inLanguage\":\"fr-FR\",\"potentialAction\":[{\"@type\":\"ReadAction\",\"target\":[\"https:\/\/afromarket.ca\/index.php\/about-us\/\"]}]}]}<\/script>\n<!-- \/ Yoast SEO plugin. -->","jetpack_sharing_enabled":true,"jetpack_shortlink":"https:\/\/wp.me\/PaPXXj-13S","_links":{"self":[{"href":"https:\/\/afromarket.ca\/index.php\/wp-json\/wp\/v2\/pages\/4084"}],"collection":[{"href":"https:\/\/afromarket.ca\/index.php\/wp-json\/wp\/v2\/pages"}],"about":[{"href":"https:\/\/afromarket.ca\/index.php\/wp-json\/wp\/v2\/types\/page"}],"author":[{"embeddable":true,"href":"https:\/\/afromarket.ca\/index.php\/wp-json\/wp\/v2\/users\/1"}],"replies":[{"embeddable":true,"href":"https:\/\/afromarket.ca\/index.php\/wp-json\/wp\/v2\/comments?post=4084"}],"version-history":[{"count":8,"href":"https:\/\/afromarket.ca\/index.php\/wp-json\/wp\/v2\/pages\/4084\/revisions"}],"predecessor-version":[{"id":9868,"href":"https:\/\/afromarket.ca\/index.php\/wp-json\/wp\/v2\/pages\/4084\/revisions\/9868"}],"wp:featuredmedia":[{"embeddable":true,"href":"https:\/\/afromarket.ca\/index.php\/wp-json\/wp\/v2\/media\/8991"}],"wp:attachment":[{"href":"https:\/\/afromarket.ca\/index.php\/wp-json\/wp\/v2\/media?parent=4084"}],"curies":[{"name":"wp","href":"https:\/\/api.w.org\/{rel}","templated":true}]}}