{"id":11071,"date":"2019-08-23T21:53:28","date_gmt":"2019-08-24T01:53:28","guid":{"rendered":"https:\/\/afromarket.ca\/?post_type=product&#038;p=11071"},"modified":"2026-03-06T13:11:37","modified_gmt":"2026-03-06T18:11:37","slug":"queue-de-boeuf-lb","status":"publish","type":"product","link":"https:\/\/afromarket.ca\/index.php\/produit\/queue-de-boeuf-lb\/","title":{"rendered":"Queue de boeuf &#8211; lb"},"content":{"rendered":"","protected":false},"excerpt":{"rendered":"","protected":false},"featured_media":22453,"template":"","meta":{"spay_email":"","jetpack_publicize_message":"","jetpack_is_tweetstorm":false},"jetpack_publicize_connections":[],"yoast_head":"<!-- This site is optimized with the Yoast SEO plugin v15.7 - https:\/\/yoast.com\/wordpress\/plugins\/seo\/ -->\n<title>Queue de boeuf - lb - Epicerie \/ March\u00e9 africain Afromarket<\/title>\n<meta name=\"description\" content=\"Viande bovine de bonne qualit\u00e9. Boeuf \u00e9l\u00e9v\u00e9 en plein air. Cuisson rapide \u00e0 mijoter dans une marmite. Se cuisine tr\u00e8s facilement. Livraison disponible.\" \/>\n<meta name=\"robots\" content=\"index, follow, max-snippet:-1, max-image-preview:large, max-video-preview:-1\" \/>\n<link rel=\"canonical\" href=\"https:\/\/afromarket.ca\/index.php\/produit\/queue-de-boeuf-lb\/\" \/>\n<meta property=\"og:locale\" content=\"fr_FR\" \/>\n<meta property=\"og:type\" content=\"article\" \/>\n<meta property=\"og:title\" content=\"Queue de boeuf - lb - Epicerie \/ March\u00e9 africain Afromarket\" \/>\n<meta property=\"og:description\" content=\"Viande bovine de bonne qualit\u00e9. Boeuf \u00e9l\u00e9v\u00e9 en plein air. Cuisson rapide \u00e0 mijoter dans une marmite. Se cuisine tr\u00e8s facilement. Livraison disponible.\" \/>\n<meta property=\"og:url\" content=\"https:\/\/afromarket.ca\/index.php\/produit\/queue-de-boeuf-lb\/\" \/>\n<meta property=\"og:site_name\" content=\"Afromarket\" \/>\n<meta property=\"article:publisher\" content=\"https:\/\/www.facebook.com\/Afromarketepicerie\/\" \/>\n<meta property=\"article:modified_time\" content=\"2026-03-06T18:11:37+00:00\" \/>\n<meta property=\"og:image\" content=\"https:\/\/i0.wp.com\/afromarket.ca\/wp-content\/uploads\/2019\/08\/Queu-de-boeuf.jpg?fit=262%2C325&#038;ssl=1\" \/>\n\t<meta property=\"og:image:width\" content=\"262\" \/>\n\t<meta property=\"og:image:height\" content=\"325\" \/>\n<meta name=\"twitter:card\" content=\"summary_large_image\" \/>\n<script type=\"application\/ld+json\" class=\"yoast-schema-graph\">{\"@context\":\"https:\/\/schema.org\",\"@graph\":[{\"@type\":\"WebSite\",\"@id\":\"https:\/\/afromarket.ca\/#website\",\"url\":\"https:\/\/afromarket.ca\/\",\"name\":\"Afromarket\",\"description\":\"Votre \\u00e9picerie africaine au Canada\",\"potentialAction\":[{\"@type\":\"SearchAction\",\"target\":\"https:\/\/afromarket.ca\/?s={search_term_string}\",\"query-input\":\"required name=search_term_string\"}],\"inLanguage\":\"fr-FR\"},{\"@type\":\"ImageObject\",\"@id\":\"https:\/\/afromarket.ca\/index.php\/produit\/queue-de-boeuf-lb\/#primaryimage\",\"inLanguage\":\"fr-FR\",\"url\":\"https:\/\/i0.wp.com\/afromarket.ca\/wp-content\/uploads\/2019\/08\/Queu-de-boeuf.jpg?fit=262%2C325&ssl=1\",\"width\":262,\"height\":325},{\"@type\":\"WebPage\",\"@id\":\"https:\/\/afromarket.ca\/index.php\/produit\/queue-de-boeuf-lb\/#webpage\",\"url\":\"https:\/\/afromarket.ca\/index.php\/produit\/queue-de-boeuf-lb\/\",\"name\":\"Queue de boeuf - lb - Epicerie \/ March\\u00e9 africain Afromarket\",\"isPartOf\":{\"@id\":\"https:\/\/afromarket.ca\/#website\"},\"primaryImageOfPage\":{\"@id\":\"https:\/\/afromarket.ca\/index.php\/produit\/queue-de-boeuf-lb\/#primaryimage\"},\"datePublished\":\"2019-08-24T01:53:28+00:00\",\"dateModified\":\"2026-03-06T18:11:37+00:00\",\"description\":\"Viande bovine de bonne qualit\\u00e9. Boeuf \\u00e9l\\u00e9v\\u00e9 en plein air. Cuisson rapide \\u00e0 mijoter dans une marmite. Se cuisine tr\\u00e8s facilement. Livraison disponible.\",\"inLanguage\":\"fr-FR\",\"potentialAction\":[{\"@type\":\"ReadAction\",\"target\":[\"https:\/\/afromarket.ca\/index.php\/produit\/queue-de-boeuf-lb\/\"]}]}]}<\/script>\n<!-- \/ Yoast SEO plugin. -->","jetpack_sharing_enabled":true,"_links":{"self":[{"href":"https:\/\/afromarket.ca\/index.php\/wp-json\/wp\/v2\/product\/11071"}],"collection":[{"href":"https:\/\/afromarket.ca\/index.php\/wp-json\/wp\/v2\/product"}],"about":[{"href":"https:\/\/afromarket.ca\/index.php\/wp-json\/wp\/v2\/types\/product"}],"wp:featuredmedia":[{"embeddable":true,"href":"https:\/\/afromarket.ca\/index.php\/wp-json\/wp\/v2\/media\/22453"}],"wp:attachment":[{"href":"https:\/\/afromarket.ca\/index.php\/wp-json\/wp\/v2\/media?parent=11071"}],"curies":[{"name":"wp","href":"https:\/\/api.w.org\/{rel}","templated":true}]}}