{"id":253,"date":"2019-04-09T03:49:52","date_gmt":"2019-04-09T01:49:52","guid":{"rendered":"http:\/\/vps230651.vps.ovh.ca\/?post_type=product&#038;p=253"},"modified":"2025-07-22T00:11:04","modified_gmt":"2025-07-22T04:11:04","slug":"agbodjaman-1kg","status":"publish","type":"product","link":"https:\/\/afromarket.ca\/index.php\/produit\/agbodjaman-1kg\/","title":{"rendered":"Agbodjama &#8211; 1kg"},"content":{"rendered":"<p>F\u00e9culent de la m\u00eame famille que le Attieke, le agbodjama reste d&#8217;une qualit\u00e9 sup\u00e9rieure.<\/p>\n<p>Malgr\u00e9 qu&#8217;il soit pr\u00e9sent\u00e9 ici dans un sachet \u00e9tiquet\u00e9 Attiek\u00e9, le contenu est bien du agbodjama.<\/p>\n<p>&nbsp;<\/p>\n","protected":false},"excerpt":{"rendered":"<p>F\u00e9culent de la m\u00eame famille que le Attieke, le agbodjama reste d&#8217;une qualit\u00e9 sup\u00e9rieure. Malgr\u00e9 qu&#8217;il soit pr\u00e9sent\u00e9 ici dans un sachet \u00e9tiquet\u00e9 Attiek\u00e9, le contenu est bien du agbodjama. &nbsp;<\/p>\n","protected":false},"featured_media":8669,"template":"","meta":{"spay_email":"","jetpack_publicize_message":"","jetpack_is_tweetstorm":false},"jetpack_publicize_connections":[],"yoast_head":"<!-- This site is optimized with the Yoast SEO plugin v15.7 - https:\/\/yoast.com\/wordpress\/plugins\/seo\/ -->\n<title>Agbodjama - 1kg - Afromarket<\/title>\n<meta name=\"robots\" content=\"index, follow, max-snippet:-1, max-image-preview:large, max-video-preview:-1\" \/>\n<link rel=\"canonical\" href=\"https:\/\/afromarket.ca\/index.php\/produit\/agbodjaman-1kg\/\" \/>\n<meta property=\"og:locale\" content=\"fr_FR\" \/>\n<meta property=\"og:type\" content=\"article\" \/>\n<meta property=\"og:title\" content=\"Agbodjama - 1kg - Afromarket\" \/>\n<meta property=\"og:description\" content=\"F\u00e9culent de la m\u00eame famille que le Attieke, le agbodjama reste d&#8217;une qualit\u00e9 sup\u00e9rieure. Malgr\u00e9 qu&#8217;il soit pr\u00e9sent\u00e9 ici dans un sachet \u00e9tiquet\u00e9 Attiek\u00e9, le contenu est bien du agbodjama. &nbsp;\" \/>\n<meta property=\"og:url\" content=\"https:\/\/afromarket.ca\/index.php\/produit\/agbodjaman-1kg\/\" \/>\n<meta property=\"og:site_name\" content=\"Afromarket\" \/>\n<meta property=\"article:publisher\" content=\"https:\/\/www.facebook.com\/Afromarketepicerie\/\" \/>\n<meta property=\"article:modified_time\" content=\"2025-07-22T04:11:04+00:00\" \/>\n<meta property=\"og:image\" content=\"https:\/\/i2.wp.com\/afromarket.ca\/wp-content\/uploads\/2019\/04\/Agbodjama-1kg-5.99-1-1.jpg?fit=262%2C325&#038;ssl=1\" \/>\n\t<meta property=\"og:image:width\" content=\"262\" \/>\n\t<meta property=\"og:image:height\" content=\"325\" \/>\n<meta name=\"twitter:card\" content=\"summary_large_image\" \/>\n<script type=\"application\/ld+json\" class=\"yoast-schema-graph\">{\"@context\":\"https:\/\/schema.org\",\"@graph\":[{\"@type\":\"WebSite\",\"@id\":\"https:\/\/afromarket.ca\/#website\",\"url\":\"https:\/\/afromarket.ca\/\",\"name\":\"Afromarket\",\"description\":\"Votre \\u00e9picerie africaine au Canada\",\"potentialAction\":[{\"@type\":\"SearchAction\",\"target\":\"https:\/\/afromarket.ca\/?s={search_term_string}\",\"query-input\":\"required name=search_term_string\"}],\"inLanguage\":\"fr-FR\"},{\"@type\":\"ImageObject\",\"@id\":\"https:\/\/afromarket.ca\/index.php\/produit\/agbodjaman-1kg\/#primaryimage\",\"inLanguage\":\"fr-FR\",\"url\":\"https:\/\/i2.wp.com\/afromarket.ca\/wp-content\/uploads\/2019\/04\/Agbodjama-1kg-5.99-1-1.jpg?fit=262%2C325&ssl=1\",\"width\":262,\"height\":325},{\"@type\":\"WebPage\",\"@id\":\"https:\/\/afromarket.ca\/index.php\/produit\/agbodjaman-1kg\/#webpage\",\"url\":\"https:\/\/afromarket.ca\/index.php\/produit\/agbodjaman-1kg\/\",\"name\":\"Agbodjama - 1kg - Afromarket\",\"isPartOf\":{\"@id\":\"https:\/\/afromarket.ca\/#website\"},\"primaryImageOfPage\":{\"@id\":\"https:\/\/afromarket.ca\/index.php\/produit\/agbodjaman-1kg\/#primaryimage\"},\"datePublished\":\"2019-04-09T01:49:52+00:00\",\"dateModified\":\"2025-07-22T04:11:04+00:00\",\"inLanguage\":\"fr-FR\",\"potentialAction\":[{\"@type\":\"ReadAction\",\"target\":[\"https:\/\/afromarket.ca\/index.php\/produit\/agbodjaman-1kg\/\"]}]}]}<\/script>\n<!-- \/ Yoast SEO plugin. -->","jetpack_sharing_enabled":true,"_links":{"self":[{"href":"https:\/\/afromarket.ca\/index.php\/wp-json\/wp\/v2\/product\/253"}],"collection":[{"href":"https:\/\/afromarket.ca\/index.php\/wp-json\/wp\/v2\/product"}],"about":[{"href":"https:\/\/afromarket.ca\/index.php\/wp-json\/wp\/v2\/types\/product"}],"wp:featuredmedia":[{"embeddable":true,"href":"https:\/\/afromarket.ca\/index.php\/wp-json\/wp\/v2\/media\/8669"}],"wp:attachment":[{"href":"https:\/\/afromarket.ca\/index.php\/wp-json\/wp\/v2\/media?parent=253"}],"curies":[{"name":"wp","href":"https:\/\/api.w.org\/{rel}","templated":true}]}}