{"id":30668,"date":"2021-02-10T10:32:54","date_gmt":"2021-02-10T15:32:54","guid":{"rendered":"https:\/\/afromarket.ca\/index.php\/produit\/melange-djeka-100-naturel-100g\/"},"modified":"2026-04-09T10:36:24","modified_gmt":"2026-04-09T14:36:24","slug":"melange-djeka-100-naturel-100g","status":"publish","type":"product","link":"https:\/\/afromarket.ca\/index.php\/produit\/melange-djeka-100-naturel-100g\/","title":{"rendered":"M\u00e9lange Dj\u00e9ka 100% naturel &#8211; 100g"},"content":{"rendered":"<p>M\u00e9lange de feuilles de Dj\u00e9ka<\/p>\n","protected":false},"excerpt":{"rendered":"<p>M\u00e9lange de feuilles de Dj\u00e9ka<\/p>\n","protected":false},"featured_media":30667,"template":"","meta":{"spay_email":"","jetpack_publicize_message":"","jetpack_is_tweetstorm":false},"jetpack_publicize_connections":[],"yoast_head":"<!-- This site is optimized with the Yoast SEO plugin v15.7 - https:\/\/yoast.com\/wordpress\/plugins\/seo\/ -->\n<title>M\u00e9lange Dj\u00e9ka 100% naturel - 100g - Afromarket<\/title>\n<meta name=\"robots\" content=\"index, follow, max-snippet:-1, max-image-preview:large, max-video-preview:-1\" \/>\n<link rel=\"canonical\" href=\"https:\/\/afromarket.ca\/index.php\/produit\/melange-djeka-100-naturel-100g\/\" \/>\n<meta property=\"og:locale\" content=\"fr_FR\" \/>\n<meta property=\"og:type\" content=\"article\" \/>\n<meta property=\"og:title\" content=\"M\u00e9lange Dj\u00e9ka 100% naturel - 100g - Afromarket\" \/>\n<meta property=\"og:description\" content=\"M\u00e9lange de feuilles de Dj\u00e9ka\" \/>\n<meta property=\"og:url\" content=\"https:\/\/afromarket.ca\/index.php\/produit\/melange-djeka-100-naturel-100g\/\" \/>\n<meta property=\"og:site_name\" content=\"Afromarket\" \/>\n<meta property=\"article:publisher\" content=\"https:\/\/www.facebook.com\/Afromarketepicerie\/\" \/>\n<meta property=\"article:modified_time\" content=\"2026-04-09T14:36:24+00:00\" \/>\n<meta property=\"og:image\" content=\"https:\/\/i2.wp.com\/afromarket.ca\/wp-content\/uploads\/2021\/02\/20210210_090022_resize_27.jpg?fit=1280%2C1024&#038;ssl=1\" \/>\n\t<meta property=\"og:image:width\" content=\"1280\" \/>\n\t<meta property=\"og:image:height\" content=\"1024\" \/>\n<meta name=\"twitter:card\" content=\"summary_large_image\" \/>\n<script type=\"application\/ld+json\" class=\"yoast-schema-graph\">{\"@context\":\"https:\/\/schema.org\",\"@graph\":[{\"@type\":\"WebSite\",\"@id\":\"https:\/\/afromarket.ca\/#website\",\"url\":\"https:\/\/afromarket.ca\/\",\"name\":\"Afromarket\",\"description\":\"Votre \\u00e9picerie africaine au Canada\",\"potentialAction\":[{\"@type\":\"SearchAction\",\"target\":\"https:\/\/afromarket.ca\/?s={search_term_string}\",\"query-input\":\"required name=search_term_string\"}],\"inLanguage\":\"fr-FR\"},{\"@type\":\"ImageObject\",\"@id\":\"https:\/\/afromarket.ca\/index.php\/produit\/melange-djeka-100-naturel-100g\/#primaryimage\",\"inLanguage\":\"fr-FR\",\"url\":\"https:\/\/i2.wp.com\/afromarket.ca\/wp-content\/uploads\/2021\/02\/20210210_090022_resize_27.jpg?fit=1280%2C1024&ssl=1\",\"width\":1280,\"height\":1024},{\"@type\":\"WebPage\",\"@id\":\"https:\/\/afromarket.ca\/index.php\/produit\/melange-djeka-100-naturel-100g\/#webpage\",\"url\":\"https:\/\/afromarket.ca\/index.php\/produit\/melange-djeka-100-naturel-100g\/\",\"name\":\"M\\u00e9lange Dj\\u00e9ka 100% naturel - 100g - Afromarket\",\"isPartOf\":{\"@id\":\"https:\/\/afromarket.ca\/#website\"},\"primaryImageOfPage\":{\"@id\":\"https:\/\/afromarket.ca\/index.php\/produit\/melange-djeka-100-naturel-100g\/#primaryimage\"},\"datePublished\":\"2021-02-10T15:32:54+00:00\",\"dateModified\":\"2026-04-09T14:36:24+00:00\",\"inLanguage\":\"fr-FR\",\"potentialAction\":[{\"@type\":\"ReadAction\",\"target\":[\"https:\/\/afromarket.ca\/index.php\/produit\/melange-djeka-100-naturel-100g\/\"]}]}]}<\/script>\n<!-- \/ Yoast SEO plugin. -->","jetpack_sharing_enabled":true,"_links":{"self":[{"href":"https:\/\/afromarket.ca\/index.php\/wp-json\/wp\/v2\/product\/30668"}],"collection":[{"href":"https:\/\/afromarket.ca\/index.php\/wp-json\/wp\/v2\/product"}],"about":[{"href":"https:\/\/afromarket.ca\/index.php\/wp-json\/wp\/v2\/types\/product"}],"wp:featuredmedia":[{"embeddable":true,"href":"https:\/\/afromarket.ca\/index.php\/wp-json\/wp\/v2\/media\/30667"}],"wp:attachment":[{"href":"https:\/\/afromarket.ca\/index.php\/wp-json\/wp\/v2\/media?parent=30668"}],"curies":[{"name":"wp","href":"https:\/\/api.w.org\/{rel}","templated":true}]}}