{"id":30938,"date":"2021-05-27T08:28:52","date_gmt":"2021-05-27T12:28:52","guid":{"rendered":"https:\/\/afromarket.ca\/index.php\/produit\/poisson-fermente-seche-lanhoin\/"},"modified":"2026-04-04T09:19:44","modified_gmt":"2026-04-04T13:19:44","slug":"poisson-fermente-seche-lanhoin","status":"publish","type":"product","link":"https:\/\/afromarket.ca\/index.php\/produit\/poisson-fermente-seche-lanhoin\/","title":{"rendered":"Poisson ferment\u00e9 s\u00e9ch\u00e9 \/ Lanhoin"},"content":{"rendered":"","protected":false},"excerpt":{"rendered":"","protected":false},"featured_media":30937,"template":"","meta":{"spay_email":"","jetpack_publicize_message":"","jetpack_is_tweetstorm":false},"jetpack_publicize_connections":[],"yoast_head":"<!-- This site is optimized with the Yoast SEO plugin v15.7 - https:\/\/yoast.com\/wordpress\/plugins\/seo\/ -->\n<title>Poisson ferment\u00e9 s\u00e9ch\u00e9 \/ Lanhoin - Afromarket<\/title>\n<meta name=\"robots\" content=\"index, follow, max-snippet:-1, max-image-preview:large, max-video-preview:-1\" \/>\n<link rel=\"canonical\" href=\"https:\/\/afromarket.ca\/index.php\/produit\/poisson-fermente-seche-lanhoin\/\" \/>\n<meta property=\"og:locale\" content=\"fr_FR\" \/>\n<meta property=\"og:type\" content=\"article\" \/>\n<meta property=\"og:title\" content=\"Poisson ferment\u00e9 s\u00e9ch\u00e9 \/ Lanhoin - Afromarket\" \/>\n<meta property=\"og:url\" content=\"https:\/\/afromarket.ca\/index.php\/produit\/poisson-fermente-seche-lanhoin\/\" \/>\n<meta property=\"og:site_name\" content=\"Afromarket\" \/>\n<meta property=\"article:publisher\" content=\"https:\/\/www.facebook.com\/Afromarketepicerie\/\" \/>\n<meta property=\"article:modified_time\" content=\"2026-04-04T13:19:44+00:00\" \/>\n<meta property=\"og:image\" content=\"https:\/\/i2.wp.com\/afromarket.ca\/wp-content\/uploads\/2021\/05\/IMG-20210522-WA0001.jpg?fit=1486%2C1600&#038;ssl=1\" \/>\n\t<meta property=\"og:image:width\" content=\"1486\" \/>\n\t<meta property=\"og:image:height\" content=\"1600\" \/>\n<meta name=\"twitter:card\" content=\"summary_large_image\" \/>\n<script type=\"application\/ld+json\" class=\"yoast-schema-graph\">{\"@context\":\"https:\/\/schema.org\",\"@graph\":[{\"@type\":\"WebSite\",\"@id\":\"https:\/\/afromarket.ca\/#website\",\"url\":\"https:\/\/afromarket.ca\/\",\"name\":\"Afromarket\",\"description\":\"Votre \\u00e9picerie africaine au Canada\",\"potentialAction\":[{\"@type\":\"SearchAction\",\"target\":\"https:\/\/afromarket.ca\/?s={search_term_string}\",\"query-input\":\"required name=search_term_string\"}],\"inLanguage\":\"fr-FR\"},{\"@type\":\"ImageObject\",\"@id\":\"https:\/\/afromarket.ca\/index.php\/produit\/poisson-fermente-seche-lanhoin\/#primaryimage\",\"inLanguage\":\"fr-FR\",\"url\":\"https:\/\/i2.wp.com\/afromarket.ca\/wp-content\/uploads\/2021\/05\/IMG-20210522-WA0001.jpg?fit=1486%2C1600&ssl=1\",\"width\":1486,\"height\":1600},{\"@type\":\"WebPage\",\"@id\":\"https:\/\/afromarket.ca\/index.php\/produit\/poisson-fermente-seche-lanhoin\/#webpage\",\"url\":\"https:\/\/afromarket.ca\/index.php\/produit\/poisson-fermente-seche-lanhoin\/\",\"name\":\"Poisson ferment\\u00e9 s\\u00e9ch\\u00e9 \/ Lanhoin - Afromarket\",\"isPartOf\":{\"@id\":\"https:\/\/afromarket.ca\/#website\"},\"primaryImageOfPage\":{\"@id\":\"https:\/\/afromarket.ca\/index.php\/produit\/poisson-fermente-seche-lanhoin\/#primaryimage\"},\"datePublished\":\"2021-05-27T12:28:52+00:00\",\"dateModified\":\"2026-04-04T13:19:44+00:00\",\"inLanguage\":\"fr-FR\",\"potentialAction\":[{\"@type\":\"ReadAction\",\"target\":[\"https:\/\/afromarket.ca\/index.php\/produit\/poisson-fermente-seche-lanhoin\/\"]}]}]}<\/script>\n<!-- \/ Yoast SEO plugin. -->","jetpack_sharing_enabled":true,"_links":{"self":[{"href":"https:\/\/afromarket.ca\/index.php\/wp-json\/wp\/v2\/product\/30938"}],"collection":[{"href":"https:\/\/afromarket.ca\/index.php\/wp-json\/wp\/v2\/product"}],"about":[{"href":"https:\/\/afromarket.ca\/index.php\/wp-json\/wp\/v2\/types\/product"}],"wp:featuredmedia":[{"embeddable":true,"href":"https:\/\/afromarket.ca\/index.php\/wp-json\/wp\/v2\/media\/30937"}],"wp:attachment":[{"href":"https:\/\/afromarket.ca\/index.php\/wp-json\/wp\/v2\/media?parent=30938"}],"curies":[{"name":"wp","href":"https:\/\/api.w.org\/{rel}","templated":true}]}}