{"id":31659,"date":"2022-08-28T14:47:20","date_gmt":"2022-08-28T18:47:20","guid":{"rendered":"https:\/\/afromarket.ca\/index.php\/produit\/djinkoume-farine-de-mais-torrefie-1kg\/"},"modified":"2026-03-27T20:11:35","modified_gmt":"2026-03-28T00:11:35","slug":"djinkoume-farine-de-mais-torrefie-1kg","status":"publish","type":"product","link":"https:\/\/afromarket.ca\/index.php\/produit\/djinkoume-farine-de-mais-torrefie-1kg\/","title":{"rendered":"Djinkoum\u00e9 -Farine de ma\u00efs torr\u00e9fi\u00e9 &#8211; 1Kg"},"content":{"rendered":"<p>Farine de ma\u00efs torr\u00e9fi\u00e9- Roasted corn flour &#8211; Djinkoum\u00e9- Amiwo<\/p>\n","protected":false},"excerpt":{"rendered":"<p>Farine de ma\u00efs torr\u00e9fi\u00e9- Roasted corn flour &#8211; Djinkoum\u00e9- Amiwo<\/p>\n","protected":false},"featured_media":31658,"template":"","meta":{"spay_email":"","jetpack_publicize_message":"","jetpack_is_tweetstorm":false},"jetpack_publicize_connections":[],"yoast_head":"<!-- This site is optimized with the Yoast SEO plugin v15.7 - https:\/\/yoast.com\/wordpress\/plugins\/seo\/ -->\n<title>Djinkoum\u00e9 -Farine de ma\u00efs torr\u00e9fi\u00e9 - 1Kg - Afromarket<\/title>\n<meta name=\"robots\" content=\"index, follow, max-snippet:-1, max-image-preview:large, max-video-preview:-1\" \/>\n<link rel=\"canonical\" href=\"https:\/\/afromarket.ca\/index.php\/produit\/djinkoume-farine-de-mais-torrefie-1kg\/\" \/>\n<meta property=\"og:locale\" content=\"fr_FR\" \/>\n<meta property=\"og:type\" content=\"article\" \/>\n<meta property=\"og:title\" content=\"Djinkoum\u00e9 -Farine de ma\u00efs torr\u00e9fi\u00e9 - 1Kg - Afromarket\" \/>\n<meta property=\"og:description\" content=\"Farine de ma\u00efs torr\u00e9fi\u00e9- Roasted corn flour &#8211; Djinkoum\u00e9- Amiwo\" \/>\n<meta property=\"og:url\" content=\"https:\/\/afromarket.ca\/index.php\/produit\/djinkoume-farine-de-mais-torrefie-1kg\/\" \/>\n<meta property=\"og:site_name\" content=\"Afromarket\" \/>\n<meta property=\"article:publisher\" content=\"https:\/\/www.facebook.com\/Afromarketepicerie\/\" \/>\n<meta property=\"article:modified_time\" content=\"2026-03-28T00:11:35+00:00\" \/>\n<meta name=\"twitter:card\" content=\"summary_large_image\" \/>\n<script type=\"application\/ld+json\" class=\"yoast-schema-graph\">{\"@context\":\"https:\/\/schema.org\",\"@graph\":[{\"@type\":\"WebSite\",\"@id\":\"https:\/\/afromarket.ca\/#website\",\"url\":\"https:\/\/afromarket.ca\/\",\"name\":\"Afromarket\",\"description\":\"Votre \\u00e9picerie africaine au Canada\",\"potentialAction\":[{\"@type\":\"SearchAction\",\"target\":\"https:\/\/afromarket.ca\/?s={search_term_string}\",\"query-input\":\"required name=search_term_string\"}],\"inLanguage\":\"fr-FR\"},{\"@type\":\"ImageObject\",\"@id\":\"https:\/\/afromarket.ca\/index.php\/produit\/djinkoume-farine-de-mais-torrefie-1kg\/#primaryimage\",\"inLanguage\":\"fr-FR\",\"url\":\"https:\/\/i0.wp.com\/afromarket.ca\/wp-content\/uploads\/2022\/08\/47404.jpg?fit=2237%2C1988&ssl=1\",\"width\":2237,\"height\":1988},{\"@type\":\"WebPage\",\"@id\":\"https:\/\/afromarket.ca\/index.php\/produit\/djinkoume-farine-de-mais-torrefie-1kg\/#webpage\",\"url\":\"https:\/\/afromarket.ca\/index.php\/produit\/djinkoume-farine-de-mais-torrefie-1kg\/\",\"name\":\"Djinkoum\\u00e9 -Farine de ma\\u00efs torr\\u00e9fi\\u00e9 - 1Kg - Afromarket\",\"isPartOf\":{\"@id\":\"https:\/\/afromarket.ca\/#website\"},\"primaryImageOfPage\":{\"@id\":\"https:\/\/afromarket.ca\/index.php\/produit\/djinkoume-farine-de-mais-torrefie-1kg\/#primaryimage\"},\"datePublished\":\"2022-08-28T18:47:20+00:00\",\"dateModified\":\"2026-03-28T00:11:35+00:00\",\"inLanguage\":\"fr-FR\",\"potentialAction\":[{\"@type\":\"ReadAction\",\"target\":[\"https:\/\/afromarket.ca\/index.php\/produit\/djinkoume-farine-de-mais-torrefie-1kg\/\"]}]}]}<\/script>\n<!-- \/ Yoast SEO plugin. -->","jetpack_sharing_enabled":true,"_links":{"self":[{"href":"https:\/\/afromarket.ca\/index.php\/wp-json\/wp\/v2\/product\/31659"}],"collection":[{"href":"https:\/\/afromarket.ca\/index.php\/wp-json\/wp\/v2\/product"}],"about":[{"href":"https:\/\/afromarket.ca\/index.php\/wp-json\/wp\/v2\/types\/product"}],"wp:featuredmedia":[{"embeddable":true,"href":"https:\/\/afromarket.ca\/index.php\/wp-json\/wp\/v2\/media\/31658"}],"wp:attachment":[{"href":"https:\/\/afromarket.ca\/index.php\/wp-json\/wp\/v2\/media?parent=31659"}],"curies":[{"name":"wp","href":"https:\/\/api.w.org\/{rel}","templated":true}]}}